{"id":1197,"date":"2019-07-11T13:57:30","date_gmt":"2019-07-11T13:57:30","guid":{"rendered":"https:\/\/luxtriribara.com\/contact-us\/"},"modified":"2024-03-15T10:48:20","modified_gmt":"2024-03-15T08:48:20","slug":"contact-us","status":"publish","type":"page","link":"https:\/\/luxtriribara.com\/en\/contact-us\/","title":{"rendered":"Contact"},"content":{"rendered":"\t\t<div data-elementor-type=\"wp-page\" data-elementor-id=\"1197\" class=\"elementor elementor-1197\" data-elementor-settings=\"[]\">\n\t\t\t\t\t\t<div class=\"elementor-inner\">\n\t\t\t\t\t\t\t<div class=\"elementor-section-wrap\">\n\t\t\t\t\t\t\t<section class=\"elementor-section elementor-top-section elementor-element elementor-element-f73bbe elementor-section-full_width elementor-section-height-default elementor-section-height-default\" data-id=\"f73bbe\" data-element_type=\"section\">\n\t\t\t\t\t\t<div class=\"elementor-container elementor-column-gap-default\">\n\t\t\t\t\t\t\t<div class=\"elementor-row\">\n\t\t\t\t\t<div class=\"elementor-column elementor-col-100 elementor-top-column elementor-element elementor-element-43d311d6\" data-id=\"43d311d6\" data-element_type=\"column\">\n\t\t\t<div class=\"elementor-column-wrap elementor-element-populated\">\n\t\t\t\t\t\t\t<div class=\"elementor-widget-wrap\">\n\t\t\t\t\t\t<div class=\"elementor-element elementor-element-64d09774 elementor-widget elementor-widget-text-editor\" data-id=\"64d09774\" data-element_type=\"widget\" data-widget_type=\"text-editor.default\">\n\t\t\t\t<div class=\"elementor-widget-container\">\n\t\t\t\t\t<div class=\"elementor-text-editor elementor-clearfix\"><!-- wp:html -->\n<div class=\"wp-block-getwid-section alignfull alignfull\">\n<div class=\"wp-block-getwid-section__wrapper getwid-padding-top-none getwid-padding-bottom-none getwid-padding-left-medium getwid-padding-right-medium getwid-padding-mobile-left-small getwid-padding-mobile-right-small\">\n<div class=\"wp-block-getwid-section__inner-wrapper\">\n<div class=\"wp-block-getwid-section__background-holder\">\n<div class=\"wp-block-getwid-section__background\">\u00a0<\/div>\n<div class=\"wp-block-getwid-section__foreground\">\u00a0<\/div>\n<\/div>\n<div class=\"wp-block-getwid-section__content\">\n<div class=\"wp-block-getwid-section__inner-content\">\n<div class=\"wp-block-columns has-4-columns\">\n<div class=\"wp-block-column\">\n<div class=\"wp-block-getwid-advanced-heading\" style=\"margin-bottom: 20px;\">\n<h5 class=\"wp-block-getwid-advanced-heading__content\">Na\u0161a lokacija<\/h5>\n<\/div>\n<div class=\"wp-block-getwid-icon-box has-icon-left has-text-left\">\n<div class=\"wp-block-getwid-icon-box__icon-container is-position-top\" style=\"margin-top: 7px; margin-right: 15px;\">\n<div class=\"wp-block-getwid-icon-box__icon-wrapper has-text-color has-gold-color\" style=\"font-size: 16px; padding: 0px;\">\u00a0<\/div>\n<\/div>\n<div class=\"wp-block-getwid-icon-box__content\">\n<p>Be\u010di\u0107ka pla\u017ea 43,<br \/>Rafailovi\u0107i<br \/><a href=\"#\">Pogledaj mapu<\/a><\/p>\n<\/div>\n<\/div>\n<\/div>\n<div class=\"wp-block-column\">\n<div class=\"wp-block-getwid-advanced-heading\" style=\"margin-bottom: 20px;\">\n<h5 class=\"wp-block-getwid-advanced-heading__content\">Telefonski pozivi<\/h5>\n<\/div>\n<div class=\"wp-block-getwid-icon-box has-icon-left has-text-left\">\n<div class=\"wp-block-getwid-icon-box__icon-container is-position-top\" style=\"margin-top: 7px; margin-right: 15px;\">\n<div class=\"wp-block-getwid-icon-box__icon-wrapper has-text-color has-gold-color\" style=\"font-size: 16px; padding: 0px;\">\u00a0<\/div>\n<\/div>\n<div class=\"wp-block-getwid-icon-box__content\">\n<p>+382 69 234 578 <br \/><br \/><\/p>\n<\/div>\n<\/div>\n<\/div>\n<div class=\"wp-block-column\">\n<div class=\"wp-block-getwid-advanced-heading\" style=\"margin-bottom: 20px;\">\n<h5 class=\"wp-block-getwid-advanced-heading__content\">Mo\u017ee\u2020e pozvati<\/h5>\n<\/div>\n<div class=\"wp-block-getwid-icon-box has-icon-left has-text-left\">\n<div class=\"wp-block-getwid-icon-box__icon-container is-position-top\" style=\"margin-top: 7px; margin-right: 15px;\">\n<div class=\"wp-block-getwid-icon-box__icon-wrapper has-text-color has-gold-color\" style=\"font-size: 16px; padding: 0px;\">\u00a0<\/div>\n<\/div>\n<div class=\"wp-block-getwid-icon-box__content\">\n<p>8h do\u00a0 21h<\/p>\n<\/div>\n<\/div>\n<\/div>\n<\/div>\n<\/div>\n<\/div>\n<\/div>\n<\/div>\n<\/div>\n<!-- \/wp:html --><!-- wp:html --><!-- \/wp:html --><\/div>\n\t\t\t\t<\/div>\n\t\t\t\t<\/div>\n\t\t\t\t\t\t<\/div>\n\t\t\t\t\t<\/div>\n\t\t<\/div>\n\t\t\t\t\t\t\t\t<\/div>\n\t\t\t\t\t<\/div>\n\t\t<\/section>\n\t\t\t\t<section class=\"elementor-section elementor-top-section elementor-element elementor-element-fcfa5a0 elementor-section-boxed elementor-section-height-default elementor-section-height-default\" data-id=\"fcfa5a0\" data-element_type=\"section\">\n\t\t\t\t\t\t<div class=\"elementor-container elementor-column-gap-default\">\n\t\t\t\t\t\t\t<div class=\"elementor-row\">\n\t\t\t\t\t<div class=\"elementor-column elementor-col-100 elementor-top-column elementor-element elementor-element-71cfe94\" data-id=\"71cfe94\" data-element_type=\"column\">\n\t\t\t<div class=\"elementor-column-wrap elementor-element-populated\">\n\t\t\t\t\t\t\t<div class=\"elementor-widget-wrap\">\n\t\t\t\t\t\t<div class=\"elementor-element elementor-element-6da17ff elementor-widget elementor-widget-shortcode\" data-id=\"6da17ff\" data-element_type=\"widget\" data-widget_type=\"shortcode.default\">\n\t\t\t\t<div class=\"elementor-widget-container\">\n\t\t\t\t\t<div class=\"elementor-shortcode\"><p class=\"wpcf7-contact-form-not-found\"><strong>Error:<\/strong> Contact form not found.<\/p><\/div>\n\t\t\t\t<\/div>\n\t\t\t\t<\/div>\n\t\t\t\t\t\t<\/div>\n\t\t\t\t\t<\/div>\n\t\t<\/div>\n\t\t\t\t\t\t\t\t<\/div>\n\t\t\t\t\t<\/div>\n\t\t<\/section>\n\t\t\t\t\t\t<\/div>\n\t\t\t\t\t\t<\/div>\n\t\t\t\t\t<\/div>\n\t\t","protected":false},"excerpt":{"rendered":"<p>\u00a0 \u00a0 Na\u0161a lokacija \u00a0 Be\u010di\u0107ka pla\u017ea 43,Rafailovi\u0107iPogledaj mapu Telefonski pozivi \u00a0 +382 69 234 578 Mo\u017ee\u2020e pozvati \u00a0 8h do\u00a0 21h<\/p>\n","protected":false},"author":1,"featured_media":0,"parent":0,"menu_order":0,"comment_status":"closed","ping_status":"closed","template":"","meta":{"inline_featured_image":false,"footnotes":""},"class_list":["post-1197","page","type-page","status-publish","hentry"],"_links":{"self":[{"href":"https:\/\/luxtriribara.com\/en\/wp-json\/wp\/v2\/pages\/1197","targetHints":{"allow":["GET"]}}],"collection":[{"href":"https:\/\/luxtriribara.com\/en\/wp-json\/wp\/v2\/pages"}],"about":[{"href":"https:\/\/luxtriribara.com\/en\/wp-json\/wp\/v2\/types\/page"}],"author":[{"embeddable":true,"href":"https:\/\/luxtriribara.com\/en\/wp-json\/wp\/v2\/users\/1"}],"replies":[{"embeddable":true,"href":"https:\/\/luxtriribara.com\/en\/wp-json\/wp\/v2\/comments?post=1197"}],"version-history":[{"count":13,"href":"https:\/\/luxtriribara.com\/en\/wp-json\/wp\/v2\/pages\/1197\/revisions"}],"predecessor-version":[{"id":1844,"href":"https:\/\/luxtriribara.com\/en\/wp-json\/wp\/v2\/pages\/1197\/revisions\/1844"}],"wp:attachment":[{"href":"https:\/\/luxtriribara.com\/en\/wp-json\/wp\/v2\/media?parent=1197"}],"curies":[{"name":"wp","href":"https:\/\/api.w.org\/{rel}","templated":true}]}}