{"id":1854,"date":"2019-06-11T09:54:48","date_gmt":"2019-06-11T09:54:48","guid":{"rendered":"https:\/\/luxtriribara.com\/fira\/"},"modified":"2024-06-05T12:51:38","modified_gmt":"2024-06-05T10:51:38","slug":"fira","status":"publish","type":"page","link":"https:\/\/luxtriribara.com\/sr\/","title":{"rendered":"Na\u0161a ponuda"},"content":{"rendered":"\n<p>Na\u0161 sme\u0161taj je luksuzan i na samoj je obali mora. Pogledajte na\u0161u ponudu i uveri\u0107ete se u kvalitet usluge koju Vam nudimo.!<\/p>\n\n\n\n<p><strong>Izdavanje smje\u0161taja za sezonu 2024 ide preko preko R tours agencije ( kontakt: +382 69 108 372 )<\/strong> <\/p>\n\n\n\n<!--more-->\n\n\n\n<div style=\"height:50px\" aria-hidden=\"true\" class=\"wp-block-spacer\"><\/div>\n\n\n<div class=\"mphb_sc_rooms-wrapper mphb-room-types is-style-style-3 alignwide\">\t<div class=\"mphb-room-types-wrapper\">\r\n\t\r\n<div class=\"mphb-room-type post-1729 mphb_room_type type-mphb_room_type status-publish has-post-thumbnail mphb-room-type-adults-3 mphb-room-type-children-2 \">\r\n\r\n                <div class=\"room-images-wrapper\">\r\n            \n\n\t<p class=\"post-thumbnail mphb-loop-room-thumbnail\">\n\t<a href=\"https:\/\/luxtriribara.com\/sr\/accommodation\/comfort-triple-room\/\">\n\t<img loading=\"lazy\" decoding=\"async\" width=\"992\" height=\"992\" src=\"https:\/\/luxtriribara.com\/wp-content\/uploads\/2019\/06\/Screen-Shot-2022-04-05-at-1.24.59-PM-992x992.png\" class=\"attachment-luviana-square size-luviana-square wp-post-image\" alt=\"\" srcset=\"https:\/\/luxtriribara.com\/wp-content\/uploads\/2019\/06\/Screen-Shot-2022-04-05-at-1.24.59-PM-992x992.png 992w, https:\/\/luxtriribara.com\/wp-content\/uploads\/2019\/06\/Screen-Shot-2022-04-05-at-1.24.59-PM-150x150.png 150w, https:\/\/luxtriribara.com\/wp-content\/uploads\/2019\/06\/Screen-Shot-2022-04-05-at-1.24.59-PM-300x300.png 300w, https:\/\/luxtriribara.com\/wp-content\/uploads\/2019\/06\/Screen-Shot-2022-04-05-at-1.24.59-PM-100x100.png 100w\" sizes=\"auto, (max-width: 992px) 100vw, 992px\" \/>\t<\/a>\n\n\t<\/p>\n        <\/div>\r\n                <div class=\"room-description-wrapper\">\r\n            <div class=\"room-description-inner-wrapper\">\r\n                                    <div class=\"room-details\">\r\n                        \n<h2 class=\"mphb-room-type-title entry-title\">\n\n<a class=\"mphb-room-type-title\" href=\"https:\/\/luxtriribara.com\/sr\/accommodation\/comfort-triple-room\/\">Studio 2+1\/SS<\/a>\n\n<\/h2>\n\n<p>Studio 2+1 bo\u010dni pogled na more Tip sme\u0161taja:Studio 2+1\/SS\u2116: 8 ,14, 2025\u043c2 Studio sa dva balkona od po 3m2, jedan je sa pogledom na moreFrancuski krevet ( 160x200cm ), fotelja na rasklapanje ( 90\u00d7200cm )Kuhinja ( kompletno posu\u0111e, kuvalo za vodu )Fri\u017eiderLCD TV kablovskaKlimaWi-FiTu\u0161 kabinaFen za kosuVe\u0161 ma\u0161inaSefSobarica svakodnevno menja pe\u0161kire, usisava, sredi kupatilo, baci [&hellip;]<\/p>\n\n                    <\/div>\r\n                                    <div class=\"room-booking-details\">\r\n                        \n<p class=\"mphb-view-details-button-wrapper\">\n<a class=\"button mphb-view-details-button\" href=\"https:\/\/luxtriribara.com\/sr\/accommodation\/comfort-triple-room\/\" >View Details<\/a>\n<\/p>                    <\/div>\r\n                            <\/div>\r\n        <\/div>\r\n    \r\n    \r\n<\/div>\r\n\r\n\r\n<div class=\"mphb-room-type post-1660 mphb_room_type type-mphb_room_type status-publish has-post-thumbnail mphb-room-type-adults-4 mphb-room-type-children-3 \">\r\n\r\n                <div class=\"room-images-wrapper\">\r\n            \n\n\t<p class=\"post-thumbnail mphb-loop-room-thumbnail\">\n\t<a href=\"https:\/\/luxtriribara.com\/sr\/accommodation\/apt-22-sv\/\">\n\t<img loading=\"lazy\" decoding=\"async\" width=\"992\" height=\"992\" src=\"https:\/\/luxtriribara.com\/wp-content\/uploads\/2022\/04\/image1-1-992x992.jpeg\" class=\"attachment-luviana-square size-luviana-square wp-post-image\" alt=\"\" srcset=\"https:\/\/luxtriribara.com\/wp-content\/uploads\/2022\/04\/image1-1-992x992.jpeg 992w, https:\/\/luxtriribara.com\/wp-content\/uploads\/2022\/04\/image1-1-150x150.jpeg 150w, https:\/\/luxtriribara.com\/wp-content\/uploads\/2022\/04\/image1-1-300x300.jpeg 300w, https:\/\/luxtriribara.com\/wp-content\/uploads\/2022\/04\/image1-1-100x100.jpeg 100w\" sizes=\"auto, (max-width: 992px) 100vw, 992px\" \/>\t<\/a>\n\n\t<\/p>\n        <\/div>\r\n                <div class=\"room-description-wrapper\">\r\n            <div class=\"room-description-inner-wrapper\">\r\n                                    <div class=\"room-details\">\r\n                        \n<h2 class=\"mphb-room-type-title entry-title\">\n\n<a class=\"mphb-room-type-title\" href=\"https:\/\/luxtriribara.com\/sr\/accommodation\/apt-22-sv\/\">APARTMAN 2+2\/SV<\/a>\n\n<\/h2>\n\n<p>Jednosoban apartman sa pogledom na more Tip sme\u0161taja:APARTMAN 2+2\/SV (1 bedroom)\u2116: 6, 12, 18, 2436\u043c2Terasa sa pogledom na more 6 -14m2Spava\u0107a sobaFrancuski krevet i ( 160x200cm )Dnevna soba sa trosjedom na rasklapanje (140\u00d7200cm)Kuhinja sa kompletnim posu\u0111em ( tanjiri, \u010da\u0161e, \u0161olje, d\u017eezva, escajg, \u0161erpe, tiganj, kuhinjske krpe i kuvalo za vodu),Fri\u017eiderLCD TV\u00a0 kablovskaKlimaWi-FiTu\u0161 kabina,Ve\u0161 ma\u0161inaFen za [&hellip;]<\/p>\n\n                    <\/div>\r\n                                    <div class=\"room-booking-details\">\r\n                        \n<p class=\"mphb-view-details-button-wrapper\">\n<a class=\"button mphb-view-details-button\" href=\"https:\/\/luxtriribara.com\/sr\/accommodation\/apt-22-sv\/\" >View Details<\/a>\n<\/p>                    <\/div>\r\n                            <\/div>\r\n        <\/div>\r\n    \r\n    \r\n<\/div>\r\n\r\n\r\n<div class=\"mphb-room-type post-1696 mphb_room_type type-mphb_room_type status-publish has-post-thumbnail mphb-room-type-adults-3 mphb-room-type-children-2 \">\r\n\r\n                <div class=\"room-images-wrapper\">\r\n            \n\n\t<p class=\"post-thumbnail mphb-loop-room-thumbnail\">\n\t<a href=\"https:\/\/luxtriribara.com\/sr\/accommodation\/studio\/\">\n\t<img loading=\"lazy\" decoding=\"async\" width=\"992\" height=\"992\" src=\"https:\/\/luxtriribara.com\/wp-content\/uploads\/2022\/03\/Studio-021SV-992x992.png\" class=\"attachment-luviana-square size-luviana-square wp-post-image\" alt=\"\" srcset=\"https:\/\/luxtriribara.com\/wp-content\/uploads\/2022\/03\/Studio-021SV-992x992.png 992w, https:\/\/luxtriribara.com\/wp-content\/uploads\/2022\/03\/Studio-021SV-150x150.png 150w, https:\/\/luxtriribara.com\/wp-content\/uploads\/2022\/03\/Studio-021SV-300x300.png 300w, https:\/\/luxtriribara.com\/wp-content\/uploads\/2022\/03\/Studio-021SV-100x100.png 100w\" sizes=\"auto, (max-width: 992px) 100vw, 992px\" \/>\t<\/a>\n\n\t<\/p>\n        <\/div>\r\n                <div class=\"room-description-wrapper\">\r\n            <div class=\"room-description-inner-wrapper\">\r\n                                    <div class=\"room-details\">\r\n                        \n<h2 class=\"mphb-room-type-title entry-title\">\n\n<a class=\"mphb-room-type-title\" href=\"https:\/\/luxtriribara.com\/sr\/accommodation\/studio\/\">Studio 2+1\/SV<\/a>\n\n<\/h2>\n\n<p>Studio 2+1 pogled na more Tip sme\u0161taja:Studio 2+1\/SV\u2116: 15, 16, 17, 21, 22, 2324\u043c2Terasa prema moru 4-6m2Francuski krevet (160x200cm ), dvosed na rasklapanje ( 120\u00d7200cm )Kuhinja ( kompletno posu\u0111e, kuvalo za vodu )Fri\u017eiderLCD TV kablovskaKlimaWi-FiTu\u0161 kabina,Fen za kosuSef Sobarica svakodnevno menja pe\u0161kire, usisava, sredi kupatilo, baci sme\u0107e.Posteljina se menja u zavisnosti od du\u017eine boravka.U blizini [&hellip;]<\/p>\n\n                    <\/div>\r\n                                    <div class=\"room-booking-details\">\r\n                        \n<p class=\"mphb-view-details-button-wrapper\">\n<a class=\"button mphb-view-details-button\" href=\"https:\/\/luxtriribara.com\/sr\/accommodation\/studio\/\" >View Details<\/a>\n<\/p>                    <\/div>\r\n                            <\/div>\r\n        <\/div>\r\n    \r\n    \r\n<\/div>\r\n\r\n\r\n<div class=\"mphb-room-type post-1748 mphb_room_type type-mphb_room_type status-publish has-post-thumbnail mphb-room-type-adults-3 mphb-room-type-children-2 \">\r\n\r\n                <div class=\"room-images-wrapper\">\r\n            \n\n\t<p class=\"post-thumbnail mphb-loop-room-thumbnail\">\n\t<a href=\"https:\/\/luxtriribara.com\/sr\/accommodation\/superior-double-room\/\">\n\t<img loading=\"lazy\" decoding=\"async\" width=\"992\" height=\"992\" src=\"https:\/\/luxtriribara.com\/wp-content\/uploads\/2019\/06\/DBLex.bedSV_-992x992.png\" class=\"attachment-luviana-square size-luviana-square wp-post-image\" alt=\"\" srcset=\"https:\/\/luxtriribara.com\/wp-content\/uploads\/2019\/06\/DBLex.bedSV_-992x992.png 992w, https:\/\/luxtriribara.com\/wp-content\/uploads\/2019\/06\/DBLex.bedSV_-150x150.png 150w, https:\/\/luxtriribara.com\/wp-content\/uploads\/2019\/06\/DBLex.bedSV_-300x300.png 300w, https:\/\/luxtriribara.com\/wp-content\/uploads\/2019\/06\/DBLex.bedSV_-100x100.png 100w\" sizes=\"auto, (max-width: 992px) 100vw, 992px\" \/>\t<\/a>\n\n\t<\/p>\n        <\/div>\r\n                <div class=\"room-description-wrapper\">\r\n            <div class=\"room-description-inner-wrapper\">\r\n                                    <div class=\"room-details\">\r\n                        \n<h2 class=\"mphb-room-type-title entry-title\">\n\n<a class=\"mphb-room-type-title\" href=\"https:\/\/luxtriribara.com\/sr\/accommodation\/superior-double-room\/\">DBL+ex.bed\/SV<\/a>\n\n<\/h2>\n\n<p>Dvokrevetna soba sa pomoc\u0301nim le\u017eajem i pogledom na more Tip sme\u0161taja:DBL+ex.bed\/SV\u2116 3, 4, 5, 9, 10, 11 24m2Terasa prema moru 3-9m2Francuski krevet ( 160\u00d7200cm ), dvosed na rasklapanje ( 120x200cm )Fri\u017eiderKuvalo za voduLCD TV\u00a0 kablovskaKlimaWi-FiTu\u0161 kabina,Fen za kosuSefSobarica svakodnevno menja pe\u0161kire,usisava, sredi kupatilo, baci sme\u0107e.Posteljina se menja u zavisnosti od du\u017eine boravka.U blizini objekta nalazi [&hellip;]<\/p>\n\n                    <\/div>\r\n                                    <div class=\"room-booking-details\">\r\n                        \n<p class=\"mphb-view-details-button-wrapper\">\n<a class=\"button mphb-view-details-button\" href=\"https:\/\/luxtriribara.com\/sr\/accommodation\/superior-double-room\/\" >View Details<\/a>\n<\/p>                    <\/div>\r\n                            <\/div>\r\n        <\/div>\r\n    \r\n    \r\n<\/div>\r\n\r\n\r\n<div class=\"mphb-room-type post-1762 mphb_room_type type-mphb_room_type status-publish has-post-thumbnail mphb-room-type-adults-3 mphb-room-type-children-2 \">\r\n\r\n                <div class=\"room-images-wrapper\">\r\n            \n\n\t<p class=\"post-thumbnail mphb-loop-room-thumbnail\">\n\t<a href=\"https:\/\/luxtriribara.com\/sr\/accommodation\/standard-single-room\/\">\n\t<img loading=\"lazy\" decoding=\"async\" width=\"992\" height=\"992\" src=\"https:\/\/luxtriribara.com\/wp-content\/uploads\/2019\/06\/DBLex.bedPV_-992x992.png\" class=\"attachment-luviana-square size-luviana-square wp-post-image\" alt=\"\" srcset=\"https:\/\/luxtriribara.com\/wp-content\/uploads\/2019\/06\/DBLex.bedPV_-992x992.png 992w, https:\/\/luxtriribara.com\/wp-content\/uploads\/2019\/06\/DBLex.bedPV_-150x150.png 150w, https:\/\/luxtriribara.com\/wp-content\/uploads\/2019\/06\/DBLex.bedPV_-300x300.png 300w, https:\/\/luxtriribara.com\/wp-content\/uploads\/2019\/06\/DBLex.bedPV_-100x100.png 100w\" sizes=\"auto, (max-width: 992px) 100vw, 992px\" \/>\t<\/a>\n\n\t<\/p>\n        <\/div>\r\n                <div class=\"room-description-wrapper\">\r\n            <div class=\"room-description-inner-wrapper\">\r\n                                    <div class=\"room-details\">\r\n                        \n<h2 class=\"mphb-room-type-title entry-title\">\n\n<a class=\"mphb-room-type-title\" href=\"https:\/\/luxtriribara.com\/sr\/accommodation\/standard-single-room\/\">DBL+ex.bed\/PV<\/a>\n\n<\/h2>\n\n<p>Dvokrevetna soba sa pomoc\u0301nim le\u017eajem Tip sme\u0161taja:DBL+ex.bed\/PV\u2116: 1, 7, 13, 1923\u043c2Napomena:Sobe su sa francuskim balkonom ( nemaju terasu ) Soba sadr\u017ei:Francuski krevet\u00a0 ( 160x200cm ),\u00a0 fotelja na rasklapanje ( 90\u00d7200cm)Fri\u017eiderKuvalo za voduLCD TV\u00a0 kablovskaKlimaWi-FiTu\u0161 kabina,Fen za kosuSefSobarica svakodnevno menja peskire, usisava, sredi kupatilo, baci sme\u0107e.Posteljina se\u00a0 menja u zavisnosti od du\u017eine boravka.U blizini objekta nalazi [&hellip;]<\/p>\n\n                    <\/div>\r\n                                    <div class=\"room-booking-details\">\r\n                        \n<p class=\"mphb-view-details-button-wrapper\">\n<a class=\"button mphb-view-details-button\" href=\"https:\/\/luxtriribara.com\/sr\/accommodation\/standard-single-room\/\" >View Details<\/a>\n<\/p>                    <\/div>\r\n                            <\/div>\r\n        <\/div>\r\n    \r\n    \r\n<\/div>\r\n\r\n\t<\/div>\r\n\t<\/div>","protected":false},"excerpt":{"rendered":"<p>Na\u0161 sme\u0161taj je luksuzan i na samoj je obali mora. Pogledajte na\u0161u ponudu i uveri\u0107ete se u kvalitet usluge koju Vam nudimo.! Izdavanje smje\u0161taja za sezonu 2024 ide preko preko R tours agencije ( kontakt: +382 69 108 372 )<\/p>\n","protected":false},"author":1,"featured_media":1121,"parent":0,"menu_order":0,"comment_status":"closed","ping_status":"closed","template":"","meta":{"inline_featured_image":false,"footnotes":""},"class_list":["post-1854","page","type-page","status-publish","has-post-thumbnail","hentry"],"_links":{"self":[{"href":"https:\/\/luxtriribara.com\/sr\/wp-json\/wp\/v2\/pages\/1854","targetHints":{"allow":["GET"]}}],"collection":[{"href":"https:\/\/luxtriribara.com\/sr\/wp-json\/wp\/v2\/pages"}],"about":[{"href":"https:\/\/luxtriribara.com\/sr\/wp-json\/wp\/v2\/types\/page"}],"author":[{"embeddable":true,"href":"https:\/\/luxtriribara.com\/sr\/wp-json\/wp\/v2\/users\/1"}],"replies":[{"embeddable":true,"href":"https:\/\/luxtriribara.com\/sr\/wp-json\/wp\/v2\/comments?post=1854"}],"version-history":[{"count":3,"href":"https:\/\/luxtriribara.com\/sr\/wp-json\/wp\/v2\/pages\/1854\/revisions"}],"predecessor-version":[{"id":2496,"href":"https:\/\/luxtriribara.com\/sr\/wp-json\/wp\/v2\/pages\/1854\/revisions\/2496"}],"wp:featuredmedia":[{"embeddable":true,"href":"https:\/\/luxtriribara.com\/sr\/wp-json\/wp\/v2\/media\/1121"}],"wp:attachment":[{"href":"https:\/\/luxtriribara.com\/sr\/wp-json\/wp\/v2\/media?parent=1854"}],"curies":[{"name":"wp","href":"https:\/\/api.w.org\/{rel}","templated":true}]}}