{"id":2396,"date":"2022-03-28T17:54:36","date_gmt":"2022-03-28T17:54:36","guid":{"rendered":"https:\/\/luxtriribara.com\/privacy-policy\/"},"modified":"2022-04-25T21:52:31","modified_gmt":"2022-04-25T21:52:31","slug":"privacy-policy","status":"publish","type":"page","link":"https:\/\/luxtriribara.com\/sr\/privacy-policy\/","title":{"rendered":"Politika privatnosti i uslovi za rezervaciju"},"content":{"rendered":"\n<p><strong>Politika privatnosti<\/strong><\/p>\n\n\n\n<p>Adresa sajta je: <strong>https:\/\/luxtriribara.com.<\/strong><\/p>\n\n\n\n<p>Svi li\u010dni podaci prikupljeni na ovom sajtu strogo su povjerljivi i ne\u0107e biti kori\u0161teni u bilo koje druge svrhe niti \u0107emo iste u\u010diniti dostupnim tre\u0107im licima.<br>REZERVACIJE<\/p>\n\n\n\n<p>Na ovom sajtu je mogu\u0107e rezervisati smje\u0161taj i to upitom sa formulara za rezervaciju koji se nalazi na svakoj ponu\u0111enoj vrsti smje\u0161taja. Kada selektujete sva polja ima\u0107ete ta\u010dan obra\u010dun prema sezonama i ukupan iznos za pla\u0107anje.<\/p>\n\n\n\n<p>Rezervacija \u0107e se izvr\u0161iti provjerom dostupnosti smje\u0161taja za koji ste poslali upit . Na\u0161 odgovor \u0107e sti\u0107i na e-mail koji ste dali u istoj formi o tome da li su datum , koji ste selektovali, i vrsta smje\u0161tajne jedinice dostupni ili ne. Ukoliko je odabrana smje\u0161tajna jedinica slobodna dobi\u0107ete link za pla\u0107anje rezervacije platnom karticom preko na\u0161eg sajta. Ukoliko je \u017eeljena smje\u0161tajna jedinica zauzeta dobi\u0107ete obavje\u0161tenje o slobodnim kapacitetima sa napomenom.<\/p>\n\n\n\n<p>Odgovor na Va\u0161 upit \u0107e biti poslat u najkra\u0107em mogu\u0107em roku u periodu od 08h-22h.<\/p>\n\n\n\n<p>Od slanja na\u0161eg odgovora imate 10h za uplatu rezervacije platnom karticom preko dobijenog linka za uplatu.<\/p>\n\n\n\n<p>Do isteka tih 10 sati smje\u0161taj \u0107e biti privremeno rezervisan , a potom se rezervacija automatski bri\u0161e ukoliko se ne izvr\u0161i uplata. Pla\u0107anje rezervacije je 20% od ukupnog iznosa. Bi\u0107e Vam jasno prikazano \u201cpolje rezervacije\u201c poslije tra\u017eenih ukucanih podataka.<br>Otkazivanje rezervacije<\/p>\n\n\n\n<p><strong>Rezervacija se mo\u017ee otkazati do deset dana prije datuma dolaska i bi\u0107e Vam vra\u0107eno 70% od upla\u0107ene sume.<\/strong><\/p>\n\n\n\n<p>Otkazivanje rezervacije se vr\u0161i na e-mail ili pozivom na broj koji su dati u kontaktima.<\/p>\n\n\n\n<p><strong>Cookies \u2013 Kola\u010di\u0107i<\/strong><br>Ova Politika privatnosti reguli\u0161e praksu prikupljanja informacija od korisnika prilikom kori\u0161\u0107enja internet stranice http\/\/www.luxtriribara.com , kao i njihovo skladi\u0161tenje u bazama podataka na\u0161eg smje\u0161taja Na\u0161a politika privatnosti obuhvata razloge kako i za\u0161to sakupljamo, koristimo i \u0161titimo Va\u0161e li\u010dne podatke. Zadr\u017eavamo diskreciono pravo da ovu Politiku privatnosti mo\u017eemo izmjeniti u svako doba i da tako izmjenjen tekst postane va\u017ee\u0107i odmah po objavi istog na Web sajtu. Nastavak Va\u0161eg kori\u0161\u0107enja Web sajta nakon izmjena, podrazumjeva da prihvatate sve uslove tako izmjenjene Politike privatnosti. Stoga savjetujemo korisnike da periodi\u010dno ponovo detaljno pro\u010ditaju informacije sadr\u017eane u Politici privatnosti, kako bi bili informisani o eventualnim promjenama.<br><strong>Na\u010din prikupljanja i upotrebe podataka<\/strong><br>Tokom Va\u0161e posjete sajtu mo\u017eemo prikupiti va\u0161e li\u010dne podatke koje su neophodne da podesite svoj nalog, u svrhu naplate ili isporuke Va\u0161e robe. Va\u0161e li\u010dne podatke koristimo isklju\u010divo i samo kako bi nam omogu\u0107ili da Vam obezbjedimo proizvode i usluge koje \u017eelite radi zadovoljenja Va\u0161ih zahtjeva ili da Vam prilagodimo na\u0161u ponudu, tj. da je personalizujemo, unaprijedili rad Web sajta, osigurali provjeru administrativnih zadataka, uspostavili kontakt sa Vama, pobolj\u0161ali na\u0161e ogla\u0161iva\u010dke i promotivne rezultate i pobolj\u0161ali na\u0161u ponudu proizvoda ili usluga na tr\u017ei\u0161tu, kao i u svrhu saradnje sa institucijama odgovornim za sprovo\u0111enje zakona. Mi ne prodajemo i ne iznajmljujemo Va\u0161e li\u010dne podatke tre\u0107im licima, za njihove markenti\u0161ke potrebe a da prethodno nismo Vama dali mogu\u0107nost da tu opciju isklju\u010dite. Me\u0111utim, mi mo\u017eemo otkriti Va\u0161e podatke na\u0161im poslovnim jedinicama i partnerima, koji su dio ove Politike privatnosti. Nikada i ni pod kojim uslovima ne\u0107emo zloupotrjebiti Va\u0161e li\u010dne podatke. U slede\u0107im stavkama \u0107emo Vam izlo\u017eiti na\u010dine i razloge za mogu\u0107e davanje Va\u0161ih informacija, za potrebe normalnog poslovanja Web sajta.<br><strong>Skladi\u0161tenje i \u010duvanje podataka<\/strong><br>Privatan smje\u0161taj Rafailovi\u0107 Radmile kao iznajmljiva\u010d soba i apartmana na Web sajtu ula\u017ee maksimalne napore radi za\u0161tite Va\u0161e privatnosti kad ste \u201conline\u201d kao korisnik. Va\u0161e li\u010dne infrmacije se \u010duvaju na siguran i povjerljiv na\u010din, i obra\u0111uju na zakonit na\u010din u skladu sa ovom politikom privatnosti. Preduzimamo odgovaraju\u0107e tehni\u010dke i organizacione mjere radi za\u0161tite od neovla\u0161\u0107enog i nezakonitog pristupa i obrade va\u0161ih li\u010dnih podataka, uklju\u010duju\u0107i i enkripciju va\u0161ih informacija. Mi \u0107emo Va\u0161e informacije zadr\u017eati onoliko dugo koliko je potrebno da obradimo Va\u0161 nalog, Va\u0161e pla\u0107anje, odradimo refundaciju sredstava, odgovorimo na \u017ealbu ili pru\u017eimo Vam promotivne informacije na koje ste se prijavili.<br><strong>Kola\u010di\u0107i (cookies)<\/strong><br>Kola\u010di\u0107 (cookie) je informacija sa\u010duvana na Va\u0161em ra\u010dunaru od strane internet stranice koju posjetite. Kola\u010di\u0107i obi\u010dno \u010duvaju Va\u0161a pode\u0161avanja, postavke za internet stranicu, kao \u0161to su preferirani jezik ili adresa. Kasnije, kada opet otvorite istu internet stranicu internet pregleda\u010d \u0161alje natrag kola\u010di\u0107e koji pripadaju toj stranici. Ovo omogu\u0107ava stranici da Vas prepozna i prika\u017ee informacije prilago\u0111ene Va\u0161im potrebama. Ukoliko ne \u017eelite da na\u0161 Web sajt ima pristup Va\u0161im kola\u010di\u0107ima, mo\u017eete ih blokirati. Ve\u0107ina web browsera Vam omogu\u0107ava da blokirate kola\u010di\u0107e. To mo\u017eete uraditi putem Pode\u0161avanja Va\u0161eg web browsera.<br><strong>Trenutak prihvatanja rezervacije<\/strong><br>Nakon poru\u010divanja, bi\u0107ete obavje\u0161teni o statusu Va\u0161e rezervacije putem email-a koji ste naveli tokom procesa rezerviranja. Porud\u017ebina je prihva\u0107ena od strane Rafailovi\u0107 Radmile tek nakon \u0161to Vam emailom po\u0161aljemo potvrdu o prihvatanju iste.<br><strong>Politika pla\u0107anja  <\/strong><\/p>\n\n\n\n<p>Na\u010dini pla\u0107anja  Pla\u0107anje proizvoda na na\u0161oj internet prodavnici je mogu\u0107e izvr\u0161iti na jedan od slede\u0107ih na\u010dina: platnim karticama \u2013 VISA, Maestro ili MasterCard koje podr\u017eavaju pla\u0107anje preko Interneta. Pla\u0107anje karticama je realizovano u saradnji sa NLB Bankom AD Podgorica i obavlja se na bezbjedan i sertifikovan na\u010din preko Ixopay Payment Gateway-a, jednostavnim unosom podataka sa platne kartice. Nakon \u0161to se unesu podaci o kartici i potvrdi pla\u0107anje, banka autorizuje transakciju i time je porud\u017ebina odobrena i ulazi u dalji proces pripreme za isporuku. Iznos \u0107e biti rezervisan na va\u0161oj kartici (ra\u010dunu) i ne\u0107e Vam biti raspolo\u017eiv za drugu namjenu. Transkacija \u0107e biti kompletirana i iznos skinut sa va\u0161eg ra\u010duna tek kada je potvr\u0111ena rezervacija. U slu\u010daju da se pla\u0107anje ne kompletira, odnosno iznos se ne skine sa ra\u010duna do isteka 14 dana od prihvatanja Va\u0161e porud\u017ebine, ta porud\u017ebenica \u0107e biti otkazana i izbrisana. Nakon isteka roka od 14 dana , novac rezervisan na Va\u0161em ra\u010dunu se oslobadja i bi\u0107e Vam ponovo na raspolaganju. Nakon toga mo\u017eete ponoviti istu ili novu porud\u017ebinu, i izvr\u0161iti pla\u0107anje vezano za njih. Provjerite kod banke koja je karticu izdala da li Va\u0161a kartica podr\u017eava pla\u0107anje preko Interneta. <br><strong>Za\u0161tita podataka<\/strong> prilikom pla\u0107anja karticama  Prilikom uno\u0161enja podataka o platnoj kartici, povjerljive informacije se prenose putem javne mre\u017ee u za\u0161ti\u0107enoj (kriptovanoj) formi upotrebom SSL protokola, primjenom najsavremenijih metoda tokenizacije osetljivih podataka, i u skladu sa PCI-DSS standardima. Niti jednog trenutka podaci o platnoj kartici nisu dostupni trgovcu. 3D Secure za\u0161tita za sve trgovce i kupce \u2013 Ixopay Payment Gateway koristi najvi\u0161e globalne standarde za\u0161tite i privatnosti podataka. Svi trgovci koji koriste Ixopay Payment Gateway su automatski uklju\u010deni u 3D-Secure za\u0161titu, \u010dime se kupcima garantuje bezbjednost kupovine. Brojevi platnih kartica kupaca se ne \u010duvaju na sistemu trgovca a sami upis se \u0161titi SSL enkripcijom podataka. PCI Standardima se \u0161tite osjetljivi podaci o korisniku kartice tokom cjelog procesa pla\u0107anja: od momenta unosa podataka na prodajnom mestu trgovca, tokom komunikacija izme\u0111u trgovca i relevantnih banaka i karti\u010darskih organizacija, kao i kasnije \u010duvanje tih podataka. Registracija metoda pla\u0107anja  Kada se podaci o kartici kupca, na njegov zahtev ili odlukom trgovca TOKENIZUJU, (pohranjuju na sertifikovan na\u010din za kasnije kori\u0161\u0107enje), ti podaci se \u010duvaju na Ixopay PCI-DSS sertifikovanim serverima. Tako tokenizovani karti\u010dni podaci se prenose na potpuno bezbjedan i sertifikovan na\u010din. Trgovac ni u jednom trenutku nema pristup podacima o broju kartice i drugim osjetljivim podacima, ve\u0107 dobija referentni broj (token) koji samo on mo\u017ee koristiti u skladu sa uslovima ugovorenim sa kupcem. Kupac ima mogu\u0107nost deregistracije prethodno registrovane kartice, kao i promjene detalja ranije tokenizovane kartice.   Povra\u0107aj sredstava  U slu\u010daju povra\u0107aja sredstava kupcu koji je predhodno platio nekom od platnih kartica, dijelimi\u010dno ili u cijelosti, a bez obzira na razlog vra\u0107anja, taj povra\u0107aj se vr\u0161i isklju\u010divo preko iste VISA, Maestro ili MasterCard kartice koja je kori\u0161\u0107ena za pla\u0107anje. Ovo zna\u010di da \u0107e na\u0161a banka na na\u0161 zahtijev obaviti povra\u0107aj sredstava na ra\u010dun korisnika kartice. Pravo na odustajanje od ugovora, prava i obaveze kupca i prodavca  Zakon za slu\u010daj prodaje na daljinu ustanovljava pravo kupca, koji se smatra potro\u0161a\u010dem (fizi\u010dko lice koje proizvod kupuje radi namirenja svojih individualnih potreba, a ne radi obavljanja profesionalne delatnosti), da odustane od ugovora u roku od 10 dana od dana kada mu je rezervacija potvrdjena. Prilikom odustanka kupac mo\u017ee, ali ne mora da navede razloge zbog kojih odustaje. Obrazac\/Izjava o odustanku od ugovora proizvodi pravno dejstvo od dana kada je poslata trgovcu. U slu\u010daju odustanka od ugovora, potro\u0161a\u010d ima pravo na povra\u0107aj 70% novca . <\/p>\n","protected":false},"excerpt":{"rendered":"<p>Politika privatnosti Adresa sajta je: https:\/\/luxtriribara.com. Svi li\u010dni podaci prikupljeni na ovom sajtu strogo su povjerljivi i ne\u0107e biti kori\u0161teni u bilo koje druge svrhe niti \u0107emo iste u\u010diniti dostupnim tre\u0107im licima.REZERVACIJE Na ovom sajtu je mogu\u0107e rezervisati smje\u0161taj i to upitom sa formulara za rezervaciju koji se nalazi na svakoj ponu\u0111enoj vrsti smje\u0161taja. Kada [&hellip;]<\/p>\n","protected":false},"author":1,"featured_media":0,"parent":0,"menu_order":0,"comment_status":"closed","ping_status":"open","template":"","meta":{"inline_featured_image":false,"footnotes":""},"class_list":["post-2396","page","type-page","status-publish","hentry"],"_links":{"self":[{"href":"https:\/\/luxtriribara.com\/sr\/wp-json\/wp\/v2\/pages\/2396","targetHints":{"allow":["GET"]}}],"collection":[{"href":"https:\/\/luxtriribara.com\/sr\/wp-json\/wp\/v2\/pages"}],"about":[{"href":"https:\/\/luxtriribara.com\/sr\/wp-json\/wp\/v2\/types\/page"}],"author":[{"embeddable":true,"href":"https:\/\/luxtriribara.com\/sr\/wp-json\/wp\/v2\/users\/1"}],"replies":[{"embeddable":true,"href":"https:\/\/luxtriribara.com\/sr\/wp-json\/wp\/v2\/comments?post=2396"}],"version-history":[{"count":1,"href":"https:\/\/luxtriribara.com\/sr\/wp-json\/wp\/v2\/pages\/2396\/revisions"}],"predecessor-version":[{"id":2455,"href":"https:\/\/luxtriribara.com\/sr\/wp-json\/wp\/v2\/pages\/2396\/revisions\/2455"}],"wp:attachment":[{"href":"https:\/\/luxtriribara.com\/sr\/wp-json\/wp\/v2\/media?parent=2396"}],"curies":[{"name":"wp","href":"https:\/\/api.w.org\/{rel}","templated":true}]}}